{"id":3,"date":"2020-10-22T14:04:06","date_gmt":"2020-10-22T12:04:06","guid":{"rendered":"https:\/\/ekkmann-sounds.com\/live\/?page_id=3"},"modified":"2021-02-23T23:16:49","modified_gmt":"2021-02-23T22:16:49","slug":"datenschutzerklaerung","status":"publish","type":"page","link":"https:\/\/ekkmann-sounds.com\/live\/datenschutzerklaerung\/","title":{"rendered":"Datenschutzerkl\u00e4rung"},"content":{"rendered":"\t\t<div data-elementor-type=\"wp-page\" data-elementor-id=\"3\" class=\"elementor elementor-3\">\n\t\t\t\t\t\t<section class=\"elementor-section elementor-top-section elementor-element elementor-element-7d94b9e1 elementor-section-boxed elementor-section-height-default elementor-section-height-default\" data-id=\"7d94b9e1\" data-element_type=\"section\">\n\t\t\t\t\t\t<div class=\"elementor-container elementor-column-gap-default\">\n\t\t\t\t\t<div class=\"elementor-column elementor-col-100 elementor-top-column elementor-element elementor-element-33841bf1\" data-id=\"33841bf1\" data-element_type=\"column\">\n\t\t\t<div class=\"elementor-widget-wrap elementor-element-populated\">\n\t\t\t\t\t\t<div class=\"elementor-element elementor-element-8ce73a4 elementor-widget elementor-widget-text-editor\" data-id=\"8ce73a4\" data-element_type=\"widget\" data-widget_type=\"text-editor.default\">\n\t\t\t\t<div class=\"elementor-widget-container\">\n\t\t\t\t\t\t\t\t\t<p><strong>Erkl\u00e4rung zur Informationspflicht<\/strong><\/p>\n<p id=\"heading__Datenschutzerklaerung_\">(Datenschutzerkl\u00e4rung)<\/p>\n<p>Der Schutz Ihrer pers\u00f6nlichen Daten ist mir ein besonderes Anliegen. Ich verarbeite Ihre Daten daher ausschlie\u00dflich auf Grundlage der gesetzlichen Bestimmungen (DSGVO, TKG 2003). In diesen Datenschutzinformationen informiere ich Sie \u00fcber die wichtigsten Aspekte der Datenverarbeitung im Rahmen meiner Website.&nbsp;<\/p>\n<p class=\"\">Beim Besuch meiner Webseite wird Ihre IP-Adresse, Beginn und Ende der Sitzung f\u00fcr die Dauer dieser Sitzung erfasst. Dies ist technisch bedingt und stellt damit ein berechtigtes Interesse iSv Art 6 Abs 1 lit f DSGVO dar. Soweit im Folgenden nichts anderes geregelt wird, werden diese Daten von mir nicht weiterverarbeitet.<\/p>\n<p id=\"heading_Kontakt_mit_uns\"><strong>Kontakt mit mir<\/strong><\/p>\n<p>Wenn Sie per Formular auf der Website oder per E-Mail Kontakt mit mir aufnehmen, werden Ihre angegebenen Daten zwecks Bearbeitung der Anfrage und f\u00fcr den Fall von Anschlussfragen einen Monat bei mir gespeichert. Diese Daten gebe ich nicht ohne Ihre Einwilligung weiter.&nbsp;<\/p>\n<p id=\"heading_Datenspeicherung\"><strong>Datenspeicherung<\/strong><\/p>\n<p>Ihre Daten werden nicht gegen ihren Willen gespeichert.<\/p>\n<p id=\"heading_Cookies\"><strong>Cookies<\/strong><\/p>\n<p>Meine Website verwendet keine so genannten Cookies.<\/p>\n<p id=\"heading_Newsletter\"><strong>Newsletter<\/strong><\/p>\n<p>Sie haben die M\u00f6glichkeit, \u00fcber meine Website meinen Newsletter zu abonnieren. Hierf\u00fcr ben\u00f6tige ich Ihre E-Mail-Adresse und ihre Erkl\u00e4rung, dass Sie mit dem Bezug des Newsletters einverstanden sind.<\/p>\n<p>Das Abo des Newsletters k\u00f6nnen Sie jederzeit stornieren. Senden Sie Ihre Stornierung bitte an folgende E-Mail-Adresse: <i>info@ekkmann-sounds.com <\/i>oder k\u00fcndigen Sie ihr Abo direkt \u00fcber den daf\u00fcr eingerichteten Link im Newsletter. Ich l\u00f6sche anschlie\u00dfend umgehend Ihre Daten im Zusammenhang mit dem Newsletter-Versand.&nbsp;Durch diesen Widerruf wird die Rechtm\u00e4\u00dfigkeit der aufgrund der Zustimmung bis zum Widerruf erfolgten Verarbeitung nicht ber\u00fchrt.<\/p>\n<p id=\"heading_Ihre_Rechte\"><strong>Ihre Rechte<\/strong><\/p>\n<p>Ihnen stehen bez\u00fcglich Ihrer bei mir gespeicherten Daten&nbsp;grunds\u00e4tzlich die Rechte auf Auskunft, Berichtigung, L\u00f6schung, Einschr\u00e4nkung, Daten\u00fcbertragbarkeit, Widerruf und Widerspruch zu. Wenn Sie glauben, dass die Verarbeitung Ihrer Daten gegen das Datenschutzrecht verst\u00f6\u00dft oder Ihre datenschutzrechtlichen Anspr\u00fcche sonst in einer Weise verletzt worden sind, k\u00f6nnen Sie sich unter <i>info@ekkmann-sounds.com<\/i>&nbsp;oder der Datenschutzbeh\u00f6rde beschweren.<\/p>\n<p id=\"heading_Sie_erreichen_uns_unter_folgenden_Kontaktdaten_\"><strong>Sie erreichen mich unter folgenden Kontaktdaten:<\/strong><\/p>\n<p><i>Ekkehard Breuss +43 699 121 93 730 info@ekkmann-sounds.com<\/i><\/p>\n<p><\/p>\t\t\t\t\t\t\t\t<\/div>\n\t\t\t\t<\/div>\n\t\t\t\t\t<\/div>\n\t\t<\/div>\n\t\t\t\t\t<\/div>\n\t\t<\/section>\n\t\t\t\t<\/div>\n\t\t","protected":false},"excerpt":{"rendered":"<p>Erkl\u00e4rung zur Informationspflicht (Datenschutzerkl\u00e4rung) Der Schutz Ihrer pers\u00f6nlichen Daten ist mir ein besonderes Anliegen. Ich verarbeite Ihre Daten daher ausschlie\u00dflich auf Grundlage der gesetzlichen Bestimmungen (DSGVO, TKG 2003). In diesen<\/p>\n<p class=\"more-link\"><a href=\"https:\/\/ekkmann-sounds.com\/live\/datenschutzerklaerung\/\" class=\"readmore\">Continue reading<span class=\"screen-reader-text\">Datenschutzerkl\u00e4rung<\/span><\/a><\/p>\n","protected":false},"author":1,"featured_media":429,"parent":0,"menu_order":0,"comment_status":"closed","ping_status":"open","template":"","meta":{"footnotes":""},"_links":{"self":[{"href":"https:\/\/ekkmann-sounds.com\/live\/wp-json\/wp\/v2\/pages\/3"}],"collection":[{"href":"https:\/\/ekkmann-sounds.com\/live\/wp-json\/wp\/v2\/pages"}],"about":[{"href":"https:\/\/ekkmann-sounds.com\/live\/wp-json\/wp\/v2\/types\/page"}],"author":[{"embeddable":true,"href":"https:\/\/ekkmann-sounds.com\/live\/wp-json\/wp\/v2\/users\/1"}],"replies":[{"embeddable":true,"href":"https:\/\/ekkmann-sounds.com\/live\/wp-json\/wp\/v2\/comments?post=3"}],"version-history":[{"count":20,"href":"https:\/\/ekkmann-sounds.com\/live\/wp-json\/wp\/v2\/pages\/3\/revisions"}],"predecessor-version":[{"id":452,"href":"https:\/\/ekkmann-sounds.com\/live\/wp-json\/wp\/v2\/pages\/3\/revisions\/452"}],"wp:featuredmedia":[{"embeddable":true,"href":"https:\/\/ekkmann-sounds.com\/live\/wp-json\/wp\/v2\/media\/429"}],"wp:attachment":[{"href":"https:\/\/ekkmann-sounds.com\/live\/wp-json\/wp\/v2\/media?parent=3"}],"curies":[{"name":"wp","href":"https:\/\/api.w.org\/{rel}","templated":true}]}}